{"id":460,"date":"2025-09-26T13:55:39","date_gmt":"2025-09-26T13:55:39","guid":{"rendered":"https:\/\/stickerpark.es\/politica-de-cookies-ue\/"},"modified":"2025-12-02T14:47:54","modified_gmt":"2025-12-02T14:47:54","slug":"politica-de-cookies-ue","status":"publish","type":"page","link":"https:\/\/stickerpark.es\/en\/politica-de-cookies-ue\/","title":{"rendered":"Cookie Policy (EU)"},"content":{"rendered":"<div data-elementor-type=\"wp-page\" data-elementor-id=\"460\" class=\"elementor elementor-460\" data-elementor-post-type=\"page\">\n\t\t\t\t<div class=\"elementor-element elementor-element-5279f99b e-flex e-con-boxed e-con e-parent\" data-id=\"5279f99b\" data-element_type=\"container\">\n\t\t\t\t\t<div class=\"e-con-inner\">\n\t\t\t\t<div class=\"elementor-element elementor-element-2117bc5 elementor-widget elementor-widget-heading\" data-id=\"2117bc5\" data-element_type=\"widget\" data-widget_type=\"heading.default\">\n\t\t\t\t\t<h1 class=\"elementor-heading-title elementor-size-default\">Cookie Policy (EU)<\/h1>\t\t\t\t<\/div>\n\t\t\t\t<div class=\"elementor-element elementor-element-5bb7451 elementor-widget elementor-widget-text-editor\" data-id=\"5bb7451\" data-element_type=\"widget\" data-widget_type=\"text-editor.default\">\n\t\t\t\t\t\t\t\t\t<p>What are cookies?<\/p><p>\u00a0<\/p><p>A cookie is a file that is downloaded to your computer when you access certain websites. Cookies allow a website, among other things, to store and retrieve information about the browsing habits of a user or their computer and, depending on the information they contain and the way you use your computer, they can be used to recognise the user.<\/p><p>\u00a0<\/p><p>Type of cookies used by the website and their purpose<\/p><p>\u00a0<\/p><p>- Technical Cookies: These are those that allow the user to browse through a website, platform or application and use the different service options that exist on it, such as, for example, controlling traffic and data communication, identifying the session, accessing restricted access areas, applying for registration or participation in an event, using security elements during browsing, storing content for the broadcasting of videos or sound or sharing content through social networks.<\/p><p>- Other third-party cookies: Third-party cookies may be installed on some of our pages to manage and improve the services they offer.<\/p><p style=\"text-align: center;\">COOKIES stickerpark.co.uk<\/p><p><strong>cmplz_banner-status<\/strong><\/p><ul><li>Cookie.<\/li><li>Shelf life 1 year.<\/li><\/ul><p>\u00a0<\/p><p><strong>cmplz_consented_services<\/strong><\/p><ul><li>Cookie.<\/li><li>Shelf life 1 year.<\/li><\/ul><p>\u00a0<\/p><p><strong>cmplz_functional<\/strong><\/p><ul><li>Cookie.<\/li><li>Shelf life 1 year.<\/li><\/ul><p>\u00a0<\/p><p><strong>cmplz_marketing<\/strong><\/p><ul><li>Cookie.<\/li><li>Shelf life 1 year.<\/li><\/ul><p>\u00a0<\/p><p><strong>cmplz_policy_id<\/strong><\/p><ul><li>Cookie.<\/li><li>Shelf life 1 year.<\/li><\/ul><p>\u00a0<\/p><p><strong>cmplz_preferences<\/strong><\/p><ul><li>Cookie.<\/li><li>Shelf life 1 year.<\/li><\/ul><p>\u00a0<\/p><p><strong>cmplz_statistics<\/strong><\/p><ul><li>Cookie.<\/li><li>Shelf life 1 year.<\/li><\/ul><p>\u00a0<\/p><p>How to disable or delete cookies<\/p><p>You can allow, block or delete cookies installed on your computer by configuring the browser options installed on your computer.<\/p><p>\u00a0<\/p><p>See the following links:<\/p><ul><li><span style=\"color: #000080;\"><strong><span style=\"text-decoration: underline;\"><a style=\"color: #000080; text-decoration: underline;\" href=\"http:\/\/windows.microsoft.com\/es-xl\/internet-explorer\/delete-manage-cookies#ie=ie-9\" target=\"_blank\" rel=\"noopener\">Internet Explorer<\/a><\/span><\/strong><\/span><\/li><li><strong><span style=\"text-decoration: underline;\"><span style=\"color: #000080; text-decoration: underline;\"><a style=\"color: #000080; text-decoration: underline;\" href=\"http:\/\/support.mozilla.org\/es\/kb\/Borrar%20cookies\" target=\"_blank\" rel=\"noopener\"> FireFox<\/a><\/span><\/span><\/strong><\/li><li><span style=\"text-decoration: underline;\"><span style=\"color: #000080; text-decoration: underline;\"><strong><a style=\"color: #000080; text-decoration: underline;\" href=\"https:\/\/support.google.com\/chrome\/answer\/95647\" target=\"_blank\" rel=\"noopener\">Chrome<\/a><\/strong><\/span><\/span><\/li><li><span style=\"text-decoration: underline;\"><strong><span style=\"color: #000080; text-decoration: underline;\"><a style=\"color: #000080; text-decoration: underline;\" href=\"http:\/\/www.apple.com\/es\/privacy\/use-of-cookies\/\" target=\"_blank\" rel=\"noopener\">Safari<\/a><\/span><\/strong><\/span><\/li><\/ul><p>\u00a0<\/p><p>To delete flash cookies, click <span style=\"text-decoration: underline; color: #000080;\"><a style=\"color: #000080; text-decoration: underline;\" href=\"http:\/\/www.adobe.com\/privacy\/opt-out.html\" target=\"_blank\" rel=\"noopener\">here<\/a><\/span><\/p><p>\u00a0<\/p>\t\t\t\t\t\t\t\t<\/div>\n\t\t\t\t\t<\/div>\n\t\t\t\t<\/div>\n\t\t\t\t<\/div>","protected":false},"excerpt":{"rendered":"<p>\u00bfQu\u00e9 son las cookies? \u00a0 Una cookie es un fichero que se descarga en su ordenador al acceder a determinadas p\u00e1ginas web. Las cookies permiten a una p\u00e1gina web, entre otras cosas, almacenar y recuperar informaci\u00f3n sobre los h\u00e1bitos de navegaci\u00f3n de un usuario o de su equipo y, dependiendo de la informaci\u00f3n que contengan [&hellip;]<\/p>\n","protected":false},"author":1,"featured_media":0,"parent":0,"menu_order":4,"comment_status":"closed","ping_status":"closed","template":"","meta":{"footnotes":""},"class_list":["post-460","page","type-page","status-publish","hentry"],"_links":{"self":[{"href":"https:\/\/stickerpark.es\/en\/wp-json\/wp\/v2\/pages\/460","targetHints":{"allow":["GET"]}}],"collection":[{"href":"https:\/\/stickerpark.es\/en\/wp-json\/wp\/v2\/pages"}],"about":[{"href":"https:\/\/stickerpark.es\/en\/wp-json\/wp\/v2\/types\/page"}],"author":[{"embeddable":true,"href":"https:\/\/stickerpark.es\/en\/wp-json\/wp\/v2\/users\/1"}],"replies":[{"embeddable":true,"href":"https:\/\/stickerpark.es\/en\/wp-json\/wp\/v2\/comments?post=460"}],"version-history":[{"count":6,"href":"https:\/\/stickerpark.es\/en\/wp-json\/wp\/v2\/pages\/460\/revisions"}],"predecessor-version":[{"id":526,"href":"https:\/\/stickerpark.es\/en\/wp-json\/wp\/v2\/pages\/460\/revisions\/526"}],"wp:attachment":[{"href":"https:\/\/stickerpark.es\/en\/wp-json\/wp\/v2\/media?parent=460"}],"curies":[{"name":"wp","href":"https:\/\/api.w.org\/{rel}","templated":true}]}}